{"id":6,"date":"2022-10-26T15:03:14","date_gmt":"2022-10-26T15:03:14","guid":{"rendered":"https:\/\/rqblog.be\/?page_id=6"},"modified":"2025-06-18T10:22:14","modified_gmt":"2025-06-18T08:22:14","slug":"accueil","status":"publish","type":"page","link":"https:\/\/www.claeys-conseil.be\/","title":{"rendered":""},"content":{"rendered":"\t\t<div data-elementor-type=\"wp-page\" data-elementor-id=\"6\" class=\"elementor elementor-6\">\n\t\t\t\t\t\t<section class=\"elementor-section elementor-top-section elementor-element elementor-element-19566c91 elementor-section-boxed elementor-section-height-default elementor-section-height-default\" data-id=\"19566c91\" data-element_type=\"section\">\n\t\t\t\t\t\t<div class=\"elementor-container elementor-column-gap-default\">\n\t\t\t\t\t<div class=\"elementor-column elementor-col-100 elementor-top-column elementor-element elementor-element-8d095ee\" data-id=\"8d095ee\" data-element_type=\"column\">\n\t\t\t<div class=\"elementor-widget-wrap elementor-element-populated\">\n\t\t\t\t\t\t<div class=\"elementor-element elementor-element-5b92578d elementor-widget elementor-widget-text-editor\" data-id=\"5b92578d\" data-element_type=\"widget\" data-widget_type=\"text-editor.default\">\n\t\t\t\t<div class=\"elementor-widget-container\">\n\t\t\t\t\t\t\t\t\t<p class=\"has-text-align-center has-black-color has-white-background-color has-text-color has-background\"><strong>La gestion de la Qualit\u00e9 dans le secteur alimentaire devient de plus en plus sp\u00e9cifique et pointue.<\/strong><\/p>\n<p><!-- \/wp:paragraph --><\/p>\n<p><!-- wp:paragraph {\"align\":\"center\",\"backgroundColor\":\"white\",\"textColor\":\"black\"} --><\/p>\n<p class=\"has-text-align-center has-black-color has-white-background-color has-text-color has-background\"><strong>Concentrez-vous sur votre m\u00e9tier et faites-vous conseiller pour la partie Qualit\u00e9, que ce soit pour un conseil ou pour un projet plus complexe.<\/strong><\/p>\n<p><!-- \/wp:paragraph --><\/p>\n<p><!-- wp:columns {\"align\":\"full\",\"style\":{\"color\":{\"text\":\"#000000\",\"background\":\"#ffffff\"}}} --><\/p>\n<div class=\"wp-block-columns alignfull has-text-color has-background\" style=\"background-color: #ffffff; color: #000000;\">\n<p><!-- wp:column {\"backgroundColor\":\"white\"} --><\/p>\n<div class=\"wp-block-column has-white-background-color has-background\">\n<p><!-- wp:heading {\"textAlign\":\"center\",\"level\":3,\"style\":{\"typography\":{\"fontSize\":\"24px\",\"lineHeight\":\"1.3\"}}} --><\/p>\n<h3 class=\"has-text-align-center\" style=\"font-size: 24px; line-height: 1.3;\"><img decoding=\"async\" width=\"80\" height=\"76\" class=\"wp-image-37\" style=\"width: 80px;\" src=\"https:\/\/rqblog.be\/wp-content\/uploads\/2022\/10\/HACCP.jpg\" alt=\"\" srcset=\"https:\/\/www.claeys-conseil.be\/wp-content\/uploads\/2022\/10\/HACCP.jpg 1171w, https:\/\/www.claeys-conseil.be\/wp-content\/uploads\/2022\/10\/HACCP-300x287.jpg 300w, https:\/\/www.claeys-conseil.be\/wp-content\/uploads\/2022\/10\/HACCP-1024x979.jpg 1024w, https:\/\/www.claeys-conseil.be\/wp-content\/uploads\/2022\/10\/HACCP-768x734.jpg 768w\" sizes=\"(max-width: 80px) 100vw, 80px\" \/><\/h3>\n<p><!-- \/wp:heading --><\/p>\n<p><!-- wp:paragraph {\"align\":\"center\"} --><\/p>\n<p class=\"has-text-align-center\">Suivi avant et apr\u00e8s contr\u00f4le AFSCA<\/p>\n<p><!-- \/wp:paragraph --><\/p>\n<p><!-- wp:paragraph {\"align\":\"center\"} --><\/p>\n<p class=\"has-text-align-center\">Mise en place plan HACCP, ISO22000, etc.<\/p>\n<p><!-- \/wp:paragraph --><\/p>\n<p><!-- wp:paragraph {\"align\":\"center\"} --><\/p>\n<p class=\"has-text-align-center\">Cr\u00e9ation, introduction plans pour l&rsquo;AFSCA.<\/p>\n<p><!-- \/wp:paragraph --><\/p>\n<p><!-- wp:paragraph {\"align\":\"center\"} --><\/p>\n<p class=\"has-text-align-center\">Demande d&rsquo;agr\u00e9ment \/ Enregistrement.<\/p>\n<p><!-- \/wp:paragraph --><\/p>\n<p><!-- wp:paragraph {\"align\":\"center\"} --><\/p>\n<p class=\"has-text-align-center\">Mise en conformit\u00e9 RGPD.<\/p>\n<p><!-- \/wp:paragraph --><\/p>\n<p><!-- wp:paragraph {\"align\":\"center\",\"fontSize\":\"small\"} --><\/p>\n<p class=\"has-text-align-center has-small-font-size\"><a href=\"https:\/\/www.claeys-conseil.be\/index.php\/haccp\/\">Plus d&rsquo;infos<\/a><\/p>\n<p><!-- \/wp:paragraph --><\/p>\n<\/div>\n<p><!-- \/wp:column --><\/p>\n<p><!-- wp:column {\"backgroundColor\":\"white\"} --><\/p>\n<div class=\"wp-block-column has-white-background-color has-background\">\n<p><!-- wp:heading {\"textAlign\":\"center\",\"level\":3,\"style\":{\"typography\":{\"fontSize\":\"24px\",\"lineHeight\":\"1.3\"}}} --><\/p>\n<h3 class=\"has-text-align-center\" style=\"font-size: 24px; line-height: 1.3;\"><img decoding=\"async\" width=\"80\" height=\"78\" class=\"wp-image-89\" style=\"width: 80px;\" src=\"https:\/\/www.claeys-conseil.be\/wp-content\/uploads\/2022\/10\/microsoft-office-2021-professional-plus.png\" alt=\"\" srcset=\"https:\/\/www.claeys-conseil.be\/wp-content\/uploads\/2022\/10\/microsoft-office-2021-professional-plus.png 586w, https:\/\/www.claeys-conseil.be\/wp-content\/uploads\/2022\/10\/microsoft-office-2021-professional-plus-300x294.png 300w\" sizes=\"(max-width: 80px) 100vw, 80px\" \/><\/h3>\n<p><!-- \/wp:heading --><\/p>\n<p><!-- wp:paragraph {\"align\":\"center\"} --><\/p>\n<p class=\"has-text-align-center\">R\u00e9alisation de vos documents, tableaux en Excel, Word, etc.<\/p>\n<p><!-- \/wp:paragraph --><\/p>\n<p><!-- wp:paragraph {\"align\":\"center\"} --><\/p>\n<p class=\"has-text-align-center\">Requ\u00eate SQL<\/p>\n<p><!-- \/wp:paragraph --><\/p>\n<p><!-- wp:paragraph {\"align\":\"center\",\"fontSize\":\"small\"} --><\/p>\n<p class=\"has-text-align-center has-small-font-size\"><a href=\"https:\/\/www.claeys-conseil.be\/index.php\/office\/\" data-type=\"page\" data-id=\"92\">Plus d&rsquo;infos<\/a><\/p>\n<p><!-- \/wp:paragraph --><\/p>\n<\/div>\n<p><!-- \/wp:column --><\/p>\n<p><!-- wp:column --><\/p>\n<div class=\"wp-block-column\">\n<p><!-- wp:heading {\"textAlign\":\"center\",\"level\":3,\"style\":{\"typography\":{\"fontSize\":\"24px\",\"lineHeight\":\"1.3\"}}} --><\/p>\n<h3 class=\"has-text-align-center\" style=\"font-size: 24px; line-height: 1.3;\"><img decoding=\"async\" width=\"80\" height=\"64\" class=\"wp-image-39\" style=\"width: 80px;\" src=\"https:\/\/rqblog.be\/wp-content\/uploads\/2022\/10\/document.jpg\" alt=\"\" srcset=\"https:\/\/www.claeys-conseil.be\/wp-content\/uploads\/2022\/10\/document.jpg 774w, https:\/\/www.claeys-conseil.be\/wp-content\/uploads\/2022\/10\/document-300x240.jpg 300w, https:\/\/www.claeys-conseil.be\/wp-content\/uploads\/2022\/10\/document-768x615.jpg 768w\" sizes=\"(max-width: 80px) 100vw, 80px\" \/><\/h3>\n<p><!-- \/wp:heading --><\/p>\n<p><!-- wp:paragraph {\"align\":\"center\"} --><\/p>\n<p class=\"has-text-align-center\">Mise en place syst\u00e8me documentaire complet (Proc\u00e9dures, Instructions, Enregistrements).<\/p>\n<p><!-- \/wp:paragraph --><\/p>\n<p><!-- wp:paragraph {\"align\":\"center\"} --><\/p>\n<p class=\"has-text-align-center\">Collecte et validation des fiches techniques de vos fournisseurs et des allerg\u00e8nes.<\/p>\n<p><!-- \/wp:paragraph --><\/p>\n<p><!-- wp:paragraph {\"align\":\"center\"} --><\/p>\n<p class=\"has-text-align-center\">Validation \/ cr\u00e9ation de vos \u00e9tiquettes produits et fiches techniques.<\/p>\n<p><!-- \/wp:paragraph --><\/p>\n<p><!-- wp:paragraph {\"align\":\"center\"} --><\/p>\n<p class=\"has-text-align-center\">Gestion des non-conformit\u00e9s.<\/p>\n<p><!-- \/wp:paragraph --><\/p>\n<p><!-- wp:paragraph {\"align\":\"center\",\"fontSize\":\"small\"} --><\/p>\n<p class=\"has-text-align-center has-small-font-size\"><a href=\"https:\/\/www.claeys-conseil.be\/index.php\/documents\/\" data-type=\"page\" data-id=\"54\">Plus d&rsquo;infos<\/a><\/p>\n<p><!-- \/wp:paragraph --><\/p>\n<\/div>\n<p><!-- \/wp:column --><\/p>\n<p><!-- wp:column --><\/p>\n<div class=\"wp-block-column\">\n<p><!-- wp:heading {\"textAlign\":\"center\",\"level\":3,\"style\":{\"typography\":{\"fontSize\":\"24px\",\"lineHeight\":\"1.3\"}}} --><\/p>\n<h3 class=\"has-text-align-center\" style=\"font-size: 24px; line-height: 1.3;\"><img loading=\"lazy\" decoding=\"async\" width=\"80\" height=\"71\" class=\"wp-image-40\" style=\"width: 80px;\" src=\"https:\/\/rqblog.be\/wp-content\/uploads\/2022\/10\/testo-e1666817344595.jpg\" alt=\"\" srcset=\"https:\/\/www.claeys-conseil.be\/wp-content\/uploads\/2022\/10\/testo-e1666817344595.jpg 1010w, https:\/\/www.claeys-conseil.be\/wp-content\/uploads\/2022\/10\/testo-e1666817344595-300x266.jpg 300w, https:\/\/www.claeys-conseil.be\/wp-content\/uploads\/2022\/10\/testo-e1666817344595-768x681.jpg 768w\" sizes=\"(max-width: 80px) 100vw, 80px\" \/><\/h3>\n<p><!-- \/wp:heading --><\/p>\n<p><!-- wp:paragraph {\"align\":\"center\"} --><\/p>\n<p class=\"has-text-align-center\">Solution pour enregistrement des temp\u00e9ratures en temps r\u00e9els.<\/p>\n<p><!-- \/wp:paragraph --><\/p>\n<p><!-- wp:paragraph {\"align\":\"center\"} --><\/p>\n<p class=\"has-text-align-center\">Alertes GSM en cas de d\u00e9passement de temp\u00e9ratures.<\/p>\n<p><!-- \/wp:paragraph --><\/p>\n<p><!-- wp:paragraph {\"align\":\"center\"} --><\/p>\n<p class=\"has-text-align-center\">Etalonnage de vos sondes, thermom\u00e8tres.<\/p>\n<p>Plan de lutte contre les nuisibles.<\/p>\n<p><!-- \/wp:paragraph --><\/p>\n<p><!-- wp:paragraph {\"align\":\"center\",\"fontSize\":\"small\"} --><\/p>\n<p class=\"has-text-align-center has-small-font-size\"><a href=\"https:\/\/www.claeys-conseil.be\/index.php\/temperatures\/\" data-type=\"page\" data-id=\"56\">Plus d&rsquo;infos<\/a><\/p>\n<p><!-- \/wp:paragraph --><\/p>\n<\/div>\n<p><!-- \/wp:column --><\/p>\n<\/div>\n<p><!-- \/wp:columns --><\/p>\t\t\t\t\t\t\t\t<\/div>\n\t\t\t\t<\/div>\n\t\t\t\t\t<\/div>\n\t\t<\/div>\n\t\t\t\t\t<\/div>\n\t\t<\/section>\n\t\t\t\t<\/div>\n\t\t","protected":false},"excerpt":{"rendered":"<p>La gestion de la Qualit\u00e9 dans le secteur alimentaire devient de plus en plus sp\u00e9cifique et pointue. Concentrez-vous sur votre m\u00e9tier et faites-vous conseiller pour la partie Qualit\u00e9, que ce soit pour un conseil ou pour un projet plus complexe. Suivi avant et apr\u00e8s contr\u00f4le AFSCA Mise en place plan HACCP, ISO22000, etc. Cr\u00e9ation, introduction &hellip; <\/p>\n<div class=\"link-more text-center\"><a href=\"https:\/\/www.claeys-conseil.be\/\" class=\"more-link py-2 px-4\">Read More<span class=\"screen-reader-text\"> \u00ab\u00a0\u00a0\u00bb<\/span><\/a><\/div>\n","protected":false},"author":2,"featured_media":0,"parent":0,"menu_order":0,"comment_status":"closed","ping_status":"closed","template":"","meta":{"footnotes":""},"class_list":["post-6","page","type-page","status-publish","hentry"],"yoast_head":"<!-- This site is optimized with the Yoast SEO plugin v27.5 - https:\/\/yoast.com\/product\/yoast-seo-wordpress\/ -->\n<title>- Claeys Conseil<\/title>\n<meta name=\"description\" content=\"Besoin d&#039;aide ou d&#039;un conseil pour g\u00e9rer la Qualit\u00e9 dans votre entreprise ? Vous \u00eates sur la bonne page.\" \/>\n<meta name=\"robots\" content=\"index, follow, max-snippet:-1, max-image-preview:large, max-video-preview:-1\" \/>\n<link rel=\"canonical\" href=\"https:\/\/www.claeys-conseil.be\/\" \/>\n<meta property=\"og:locale\" content=\"fr_FR\" \/>\n<meta property=\"og:type\" content=\"article\" \/>\n<meta property=\"og:title\" content=\"- Claeys Conseil\" \/>\n<meta property=\"og:description\" content=\"Besoin d&#039;aide ou d&#039;un conseil pour g\u00e9rer la Qualit\u00e9 dans votre entreprise ? Vous \u00eates sur la bonne page.\" \/>\n<meta property=\"og:url\" content=\"https:\/\/www.claeys-conseil.be\/\" \/>\n<meta property=\"og:site_name\" content=\"Claeys Conseil\" \/>\n<meta property=\"article:publisher\" content=\"https:\/\/www.facebook.com\/claeys.jeanmarc\" \/>\n<meta property=\"article:modified_time\" content=\"2025-06-18T08:22:14+00:00\" \/>\n<meta property=\"og:image\" content=\"https:\/\/www.claeys-conseil.be\/wp-content\/uploads\/2022\/10\/HACCP.jpg\" \/>\n\t<meta property=\"og:image:width\" content=\"1171\" \/>\n\t<meta property=\"og:image:height\" content=\"1119\" \/>\n\t<meta property=\"og:image:type\" content=\"image\/jpeg\" \/>\n<meta name=\"twitter:card\" content=\"summary_large_image\" \/>\n<meta name=\"twitter:label1\" content=\"Dur\u00e9e de lecture estim\u00e9e\" \/>\n\t<meta name=\"twitter:data1\" content=\"2 minutes\" \/>\n<script type=\"application\/ld+json\" class=\"yoast-schema-graph\">{\"@context\":\"https:\\\/\\\/schema.org\",\"@graph\":[{\"@type\":\"WebPage\",\"@id\":\"https:\\\/\\\/www.claeys-conseil.be\\\/\",\"url\":\"https:\\\/\\\/www.claeys-conseil.be\\\/\",\"name\":\"- Claeys Conseil\",\"isPartOf\":{\"@id\":\"https:\\\/\\\/www.claeys-conseil.be\\\/#website\"},\"primaryImageOfPage\":{\"@id\":\"https:\\\/\\\/www.claeys-conseil.be\\\/#primaryimage\"},\"image\":{\"@id\":\"https:\\\/\\\/www.claeys-conseil.be\\\/#primaryimage\"},\"thumbnailUrl\":\"https:\\\/\\\/rqblog.be\\\/wp-content\\\/uploads\\\/2022\\\/10\\\/HACCP.jpg\",\"datePublished\":\"2022-10-26T15:03:14+00:00\",\"dateModified\":\"2025-06-18T08:22:14+00:00\",\"description\":\"Besoin d'aide ou d'un conseil pour g\u00e9rer la Qualit\u00e9 dans votre entreprise ? Vous \u00eates sur la bonne page.\",\"inLanguage\":\"fr-FR\",\"potentialAction\":[{\"@type\":\"ReadAction\",\"target\":[\"https:\\\/\\\/www.claeys-conseil.be\\\/\"]}]},{\"@type\":\"ImageObject\",\"inLanguage\":\"fr-FR\",\"@id\":\"https:\\\/\\\/www.claeys-conseil.be\\\/#primaryimage\",\"url\":\"https:\\\/\\\/rqblog.be\\\/wp-content\\\/uploads\\\/2022\\\/10\\\/HACCP.jpg\",\"contentUrl\":\"https:\\\/\\\/rqblog.be\\\/wp-content\\\/uploads\\\/2022\\\/10\\\/HACCP.jpg\"},{\"@type\":\"WebSite\",\"@id\":\"https:\\\/\\\/www.claeys-conseil.be\\\/#website\",\"url\":\"https:\\\/\\\/www.claeys-conseil.be\\\/\",\"name\":\"Claeys Conseil\",\"description\":\"Un conseiller qualit\u00e9 \u00e0 votre service\",\"publisher\":{\"@id\":\"https:\\\/\\\/www.claeys-conseil.be\\\/#organization\"},\"potentialAction\":[{\"@type\":\"SearchAction\",\"target\":{\"@type\":\"EntryPoint\",\"urlTemplate\":\"https:\\\/\\\/www.claeys-conseil.be\\\/?s={search_term_string}\"},\"query-input\":{\"@type\":\"PropertyValueSpecification\",\"valueRequired\":true,\"valueName\":\"search_term_string\"}}],\"inLanguage\":\"fr-FR\"},{\"@type\":\"Organization\",\"@id\":\"https:\\\/\\\/www.claeys-conseil.be\\\/#organization\",\"name\":\"Claeys-conseil.be\",\"url\":\"https:\\\/\\\/www.claeys-conseil.be\\\/\",\"logo\":{\"@type\":\"ImageObject\",\"inLanguage\":\"fr-FR\",\"@id\":\"https:\\\/\\\/www.claeys-conseil.be\\\/#\\\/schema\\\/logo\\\/image\\\/\",\"url\":\"https:\\\/\\\/www.claeys-conseil.be\\\/wp-content\\\/uploads\\\/2025\\\/05\\\/cropped-Logo-4.png\",\"contentUrl\":\"https:\\\/\\\/www.claeys-conseil.be\\\/wp-content\\\/uploads\\\/2025\\\/05\\\/cropped-Logo-4.png\",\"width\":249,\"height\":250,\"caption\":\"Claeys-conseil.be\"},\"image\":{\"@id\":\"https:\\\/\\\/www.claeys-conseil.be\\\/#\\\/schema\\\/logo\\\/image\\\/\"},\"sameAs\":[\"https:\\\/\\\/www.facebook.com\\\/claeys.jeanmarc\"]}]}<\/script>\n<!-- \/ Yoast SEO plugin. -->","yoast_head_json":{"title":"- Claeys Conseil","description":"Besoin d'aide ou d'un conseil pour g\u00e9rer la Qualit\u00e9 dans votre entreprise ? Vous \u00eates sur la bonne page.","robots":{"index":"index","follow":"follow","max-snippet":"max-snippet:-1","max-image-preview":"max-image-preview:large","max-video-preview":"max-video-preview:-1"},"canonical":"https:\/\/www.claeys-conseil.be\/","og_locale":"fr_FR","og_type":"article","og_title":"- Claeys Conseil","og_description":"Besoin d'aide ou d'un conseil pour g\u00e9rer la Qualit\u00e9 dans votre entreprise ? Vous \u00eates sur la bonne page.","og_url":"https:\/\/www.claeys-conseil.be\/","og_site_name":"Claeys Conseil","article_publisher":"https:\/\/www.facebook.com\/claeys.jeanmarc","article_modified_time":"2025-06-18T08:22:14+00:00","og_image":[{"width":1171,"height":1119,"url":"https:\/\/www.claeys-conseil.be\/wp-content\/uploads\/2022\/10\/HACCP.jpg","type":"image\/jpeg"}],"twitter_card":"summary_large_image","twitter_misc":{"Dur\u00e9e de lecture estim\u00e9e":"2 minutes"},"schema":{"@context":"https:\/\/schema.org","@graph":[{"@type":"WebPage","@id":"https:\/\/www.claeys-conseil.be\/","url":"https:\/\/www.claeys-conseil.be\/","name":"- Claeys Conseil","isPartOf":{"@id":"https:\/\/www.claeys-conseil.be\/#website"},"primaryImageOfPage":{"@id":"https:\/\/www.claeys-conseil.be\/#primaryimage"},"image":{"@id":"https:\/\/www.claeys-conseil.be\/#primaryimage"},"thumbnailUrl":"https:\/\/rqblog.be\/wp-content\/uploads\/2022\/10\/HACCP.jpg","datePublished":"2022-10-26T15:03:14+00:00","dateModified":"2025-06-18T08:22:14+00:00","description":"Besoin d'aide ou d'un conseil pour g\u00e9rer la Qualit\u00e9 dans votre entreprise ? Vous \u00eates sur la bonne page.","inLanguage":"fr-FR","potentialAction":[{"@type":"ReadAction","target":["https:\/\/www.claeys-conseil.be\/"]}]},{"@type":"ImageObject","inLanguage":"fr-FR","@id":"https:\/\/www.claeys-conseil.be\/#primaryimage","url":"https:\/\/rqblog.be\/wp-content\/uploads\/2022\/10\/HACCP.jpg","contentUrl":"https:\/\/rqblog.be\/wp-content\/uploads\/2022\/10\/HACCP.jpg"},{"@type":"WebSite","@id":"https:\/\/www.claeys-conseil.be\/#website","url":"https:\/\/www.claeys-conseil.be\/","name":"Claeys Conseil","description":"Un conseiller qualit\u00e9 \u00e0 votre service","publisher":{"@id":"https:\/\/www.claeys-conseil.be\/#organization"},"potentialAction":[{"@type":"SearchAction","target":{"@type":"EntryPoint","urlTemplate":"https:\/\/www.claeys-conseil.be\/?s={search_term_string}"},"query-input":{"@type":"PropertyValueSpecification","valueRequired":true,"valueName":"search_term_string"}}],"inLanguage":"fr-FR"},{"@type":"Organization","@id":"https:\/\/www.claeys-conseil.be\/#organization","name":"Claeys-conseil.be","url":"https:\/\/www.claeys-conseil.be\/","logo":{"@type":"ImageObject","inLanguage":"fr-FR","@id":"https:\/\/www.claeys-conseil.be\/#\/schema\/logo\/image\/","url":"https:\/\/www.claeys-conseil.be\/wp-content\/uploads\/2025\/05\/cropped-Logo-4.png","contentUrl":"https:\/\/www.claeys-conseil.be\/wp-content\/uploads\/2025\/05\/cropped-Logo-4.png","width":249,"height":250,"caption":"Claeys-conseil.be"},"image":{"@id":"https:\/\/www.claeys-conseil.be\/#\/schema\/logo\/image\/"},"sameAs":["https:\/\/www.facebook.com\/claeys.jeanmarc"]}]}},"jetpack_sharing_enabled":true,"_links":{"self":[{"href":"https:\/\/www.claeys-conseil.be\/index.php\/wp-json\/wp\/v2\/pages\/6","targetHints":{"allow":["GET"]}}],"collection":[{"href":"https:\/\/www.claeys-conseil.be\/index.php\/wp-json\/wp\/v2\/pages"}],"about":[{"href":"https:\/\/www.claeys-conseil.be\/index.php\/wp-json\/wp\/v2\/types\/page"}],"author":[{"embeddable":true,"href":"https:\/\/www.claeys-conseil.be\/index.php\/wp-json\/wp\/v2\/users\/2"}],"replies":[{"embeddable":true,"href":"https:\/\/www.claeys-conseil.be\/index.php\/wp-json\/wp\/v2\/comments?post=6"}],"version-history":[{"count":53,"href":"https:\/\/www.claeys-conseil.be\/index.php\/wp-json\/wp\/v2\/pages\/6\/revisions"}],"predecessor-version":[{"id":503,"href":"https:\/\/www.claeys-conseil.be\/index.php\/wp-json\/wp\/v2\/pages\/6\/revisions\/503"}],"wp:attachment":[{"href":"https:\/\/www.claeys-conseil.be\/index.php\/wp-json\/wp\/v2\/media?parent=6"}],"curies":[{"name":"wp","href":"https:\/\/api.w.org\/{rel}","templated":true}]}}