{"id":56,"date":"2022-10-26T21:10:49","date_gmt":"2022-10-26T21:10:49","guid":{"rendered":"https:\/\/rqblog.be\/?page_id=56"},"modified":"2022-10-29T16:58:16","modified_gmt":"2022-10-29T14:58:16","slug":"temperatures","status":"publish","type":"page","link":"https:\/\/www.claeys-conseil.be\/index.php\/temperatures\/","title":{"rendered":"Temp\u00e9ratures"},"content":{"rendered":"\t\t<div data-elementor-type=\"wp-page\" data-elementor-id=\"56\" class=\"elementor elementor-56\">\n\t\t\t\t\t\t<section class=\"elementor-section elementor-top-section elementor-element elementor-element-22cba835 elementor-section-boxed elementor-section-height-default elementor-section-height-default\" data-id=\"22cba835\" data-element_type=\"section\">\n\t\t\t\t\t\t<div class=\"elementor-container elementor-column-gap-default\">\n\t\t\t\t\t<div class=\"elementor-column elementor-col-100 elementor-top-column elementor-element elementor-element-5d6825b3\" data-id=\"5d6825b3\" data-element_type=\"column\">\n\t\t\t<div class=\"elementor-widget-wrap elementor-element-populated\">\n\t\t\t\t\t\t<div class=\"elementor-element elementor-element-3ff0f615 elementor-widget elementor-widget-text-editor\" data-id=\"3ff0f615\" data-element_type=\"widget\" data-widget_type=\"text-editor.default\">\n\t\t\t\t<div class=\"elementor-widget-container\">\n\t\t\t\t\t\t\t\t\t<p><\/p>\n<h1 class=\"wp-block-heading\">Le syst\u00e8me d\u2019enregistreurs de donn\u00e9es par wifi&nbsp;<strong>testo Saveris 2<\/strong><\/h1>\n<p><\/p>\n<p class=\"has-text-align-justify\">Peu importe o\u00f9 vous vous trouvez : gr\u00e2ce au syst\u00e8me d\u2019enregistreurs de donn\u00e9es radio testo Saveris 2, vous&nbsp;<strong>contr\u00f4lez tout simplement les conditions climatiques ambiantes telles que l\u2019humidit\u00e9 et la temp\u00e9rature.<\/strong><\/p>\n<p><\/p>\n<p class=\"has-text-align-justify\">Que ce soit dans le Facility Management ou dans l\u2019assurance-qualit\u00e9 d\u2019aliments et de m\u00e9dicaments : les enregistreurs de donn\u00e9es du syst\u00e8me peuvent \u00eatre utilis\u00e9s de mani\u00e8re flexible, quasiment partout o\u00f9 la temp\u00e9rature et l\u2019humidit\u00e9 doivent \u00eatre surveill\u00e9es en continu.<\/p>\n<p><\/p>\n<p class=\"has-text-align-justify\">testo Saveris 2 vous permet de respecter de mani\u00e8re s\u00fbre les normes et r\u00e8glements, d\u2019optimiser les proc\u00e9d\u00e9s, d\u2019assurer la qualit\u00e9 et d\u2019augmenter votre efficacit\u00e9.<\/p>\n<p><\/p>\n<p class=\"has-text-align-justify\">Le monitoring du climat est tellement simple aujourd\u2019hui.<\/p>\n<p><\/p>\n<figure class=\"wp-block-image alignwide size-full\"><img fetchpriority=\"high\" decoding=\"async\" width=\"668\" height=\"501\" class=\"wp-image-171\" src=\"https:\/\/www.claeys-conseil.be\/wp-content\/uploads\/2022\/10\/POP-WLAN-Datenlogger-Cloud_im4c.jpg\" alt=\"\" srcset=\"https:\/\/www.claeys-conseil.be\/wp-content\/uploads\/2022\/10\/POP-WLAN-Datenlogger-Cloud_im4c.jpg 668w, https:\/\/www.claeys-conseil.be\/wp-content\/uploads\/2022\/10\/POP-WLAN-Datenlogger-Cloud_im4c-300x225.jpg 300w\" sizes=\"(max-width: 668px) 100vw, 668px\" \/><\/figure>\n<p><\/p>\n<h2 class=\"wp-block-heading\">Comment fonctionne testo Saveris 2 ?<\/h2>\n<p><\/p>\n<p class=\"has-text-align-justify\">testo Saveris 2 est un syst\u00e8me d\u2019enregistreurs de donn\u00e9es radio que vous pouvez constituer de mani\u00e8re flexible en fonction de vos besoins et que vous int\u00e9grez tout simplement dans votre r\u00e9seau WLAN existant.<\/p>\n<p><\/p>\n<p class=\"has-text-align-justify\">Vous s\u00e9lectionnez les enregistreurs de donn\u00e9es de temp\u00e9rature et d\u2019humidit\u00e9. Gr\u00e2ce aux capteurs de la vaste gamme de sondes de Testo, vous serez aussi bien \u00e9quip\u00e9 pour les applications sp\u00e9ciales. Les enregistreurs de donn\u00e9es testo 160 compatibles avec le syst\u00e8me vous permettent aussi d\u2019enregistrer des param\u00e8tres tels que le CO\u2082 et l\u2019\u00e9clairement (lux) de mani\u00e8re confortable avec un syst\u00e8me.<\/p>\n<p><\/p>\n<p class=\"has-text-align-justify\">Les enregistreurs de donn\u00e9es radio envoient vos valeurs de mesure au Cloud de Testo o\u00f9 elles sont enregistr\u00e9es et document\u00e9es automatiquement. Gr\u00e2ce \u00e0 l\u2019acc\u00e8s au Cloud, vous pouvez consulter vos valeurs climatiques \u00e0 tout moment via Smartphone, tablette ou ordinateur.&nbsp;<strong>Si les valeurs atteignent un seuil critique, le syst\u00e8me vous envoie une alarme par SMS et\/ou e-mail.<\/strong><\/p>\n<p><\/p>\n<p class=\"has-text-align-justify\">Bon \u00e0 savoir : pour la mise en service du syst\u00e8me d\u2019enregistreurs de donn\u00e9es radio, vous avez seulement besoin de WLAN et d\u2019un navigateur web \u2013 pas besoin d\u2019installer un logiciel. Et la protection de votre vie priv\u00e9e est garantie : le lieu d\u2019enregistrement de vos donn\u00e9es, le Cloud de Testo, est conforme aux normes nationales et internationales concernant la s\u00e9curit\u00e9 des donn\u00e9es.<br><strong><a href=\"https:\/\/www.testo.com\/fr-CH\/produits\/...\/saveris-2-cloud\">&gt;&gt; Plus d\u2019infos sur le Cloud &amp; les solutions Cloud de Testo<\/a><\/strong><\/p>\n<p><\/p>\t\t\t\t\t\t\t\t<\/div>\n\t\t\t\t<\/div>\n\t\t\t\t\t<\/div>\n\t\t<\/div>\n\t\t\t\t\t<\/div>\n\t\t<\/section>\n\t\t\t\t<\/div>\n\t\t","protected":false},"excerpt":{"rendered":"<p>Le syst\u00e8me d\u2019enregistreurs de donn\u00e9es par wifi&nbsp;testo Saveris 2 Peu importe o\u00f9 vous vous trouvez : gr\u00e2ce au syst\u00e8me d\u2019enregistreurs de donn\u00e9es radio testo Saveris 2, vous&nbsp;contr\u00f4lez tout simplement les conditions climatiques ambiantes telles que l\u2019humidit\u00e9 et la temp\u00e9rature. Que ce soit dans le Facility Management ou dans l\u2019assurance-qualit\u00e9 d\u2019aliments et de m\u00e9dicaments : les &hellip; <\/p>\n<div class=\"link-more text-center\"><a href=\"https:\/\/www.claeys-conseil.be\/index.php\/temperatures\/\" class=\"more-link py-2 px-4\">Read More<span class=\"screen-reader-text\"> \u00ab\u00a0Temp\u00e9ratures\u00a0\u00bb<\/span><\/a><\/div>\n","protected":false},"author":1,"featured_media":0,"parent":0,"menu_order":0,"comment_status":"closed","ping_status":"closed","template":"","meta":{"footnotes":""},"class_list":["post-56","page","type-page","status-publish","hentry"],"yoast_head":"<!-- This site is optimized with the Yoast SEO plugin v27.5 - https:\/\/yoast.com\/product\/yoast-seo-wordpress\/ -->\n<title>Temp\u00e9ratures - Claeys Conseil<\/title>\n<meta name=\"robots\" content=\"index, follow, max-snippet:-1, max-image-preview:large, max-video-preview:-1\" \/>\n<link rel=\"canonical\" href=\"https:\/\/www.claeys-conseil.be\/index.php\/temperatures\/\" \/>\n<meta property=\"og:locale\" content=\"fr_FR\" \/>\n<meta property=\"og:type\" content=\"article\" \/>\n<meta property=\"og:title\" content=\"Temp\u00e9ratures - Claeys Conseil\" \/>\n<meta property=\"og:description\" content=\"Le syst\u00e8me d\u2019enregistreurs de donn\u00e9es par wifi&nbsp;testo Saveris 2 Peu importe o\u00f9 vous vous trouvez : gr\u00e2ce au syst\u00e8me d\u2019enregistreurs de donn\u00e9es radio testo Saveris 2, vous&nbsp;contr\u00f4lez tout simplement les conditions climatiques ambiantes telles que l\u2019humidit\u00e9 et la temp\u00e9rature. Que ce soit dans le Facility Management ou dans l\u2019assurance-qualit\u00e9 d\u2019aliments et de m\u00e9dicaments : les &hellip; Read More &quot;Temp\u00e9ratures&quot;\" \/>\n<meta property=\"og:url\" content=\"https:\/\/www.claeys-conseil.be\/index.php\/temperatures\/\" \/>\n<meta property=\"og:site_name\" content=\"Claeys Conseil\" \/>\n<meta property=\"article:publisher\" content=\"https:\/\/www.facebook.com\/claeys.jeanmarc\" \/>\n<meta property=\"article:modified_time\" content=\"2022-10-29T14:58:16+00:00\" \/>\n<meta property=\"og:image\" content=\"https:\/\/www.claeys-conseil.be\/wp-content\/uploads\/2022\/10\/POP-WLAN-Datenlogger-Cloud_im4c.jpg\" \/>\n<meta name=\"twitter:card\" content=\"summary_large_image\" \/>\n<meta name=\"twitter:label1\" content=\"Dur\u00e9e de lecture estim\u00e9e\" \/>\n\t<meta name=\"twitter:data1\" content=\"2 minutes\" \/>\n<script type=\"application\/ld+json\" class=\"yoast-schema-graph\">{\"@context\":\"https:\\\/\\\/schema.org\",\"@graph\":[{\"@type\":\"WebPage\",\"@id\":\"https:\\\/\\\/www.claeys-conseil.be\\\/index.php\\\/temperatures\\\/\",\"url\":\"https:\\\/\\\/www.claeys-conseil.be\\\/index.php\\\/temperatures\\\/\",\"name\":\"Temp\u00e9ratures - Claeys Conseil\",\"isPartOf\":{\"@id\":\"https:\\\/\\\/www.claeys-conseil.be\\\/#website\"},\"primaryImageOfPage\":{\"@id\":\"https:\\\/\\\/www.claeys-conseil.be\\\/index.php\\\/temperatures\\\/#primaryimage\"},\"image\":{\"@id\":\"https:\\\/\\\/www.claeys-conseil.be\\\/index.php\\\/temperatures\\\/#primaryimage\"},\"thumbnailUrl\":\"https:\\\/\\\/www.claeys-conseil.be\\\/wp-content\\\/uploads\\\/2022\\\/10\\\/POP-WLAN-Datenlogger-Cloud_im4c.jpg\",\"datePublished\":\"2022-10-26T21:10:49+00:00\",\"dateModified\":\"2022-10-29T14:58:16+00:00\",\"breadcrumb\":{\"@id\":\"https:\\\/\\\/www.claeys-conseil.be\\\/index.php\\\/temperatures\\\/#breadcrumb\"},\"inLanguage\":\"fr-FR\",\"potentialAction\":[{\"@type\":\"ReadAction\",\"target\":[\"https:\\\/\\\/www.claeys-conseil.be\\\/index.php\\\/temperatures\\\/\"]}]},{\"@type\":\"ImageObject\",\"inLanguage\":\"fr-FR\",\"@id\":\"https:\\\/\\\/www.claeys-conseil.be\\\/index.php\\\/temperatures\\\/#primaryimage\",\"url\":\"https:\\\/\\\/www.claeys-conseil.be\\\/wp-content\\\/uploads\\\/2022\\\/10\\\/POP-WLAN-Datenlogger-Cloud_im4c.jpg\",\"contentUrl\":\"https:\\\/\\\/www.claeys-conseil.be\\\/wp-content\\\/uploads\\\/2022\\\/10\\\/POP-WLAN-Datenlogger-Cloud_im4c.jpg\",\"width\":668,\"height\":501},{\"@type\":\"BreadcrumbList\",\"@id\":\"https:\\\/\\\/www.claeys-conseil.be\\\/index.php\\\/temperatures\\\/#breadcrumb\",\"itemListElement\":[{\"@type\":\"ListItem\",\"position\":1,\"name\":\"Accueil\",\"item\":\"https:\\\/\\\/www.claeys-conseil.be\\\/\"},{\"@type\":\"ListItem\",\"position\":2,\"name\":\"Temp\u00e9ratures\"}]},{\"@type\":\"WebSite\",\"@id\":\"https:\\\/\\\/www.claeys-conseil.be\\\/#website\",\"url\":\"https:\\\/\\\/www.claeys-conseil.be\\\/\",\"name\":\"Claeys Conseil\",\"description\":\"Un conseiller qualit\u00e9 \u00e0 votre service\",\"publisher\":{\"@id\":\"https:\\\/\\\/www.claeys-conseil.be\\\/#organization\"},\"potentialAction\":[{\"@type\":\"SearchAction\",\"target\":{\"@type\":\"EntryPoint\",\"urlTemplate\":\"https:\\\/\\\/www.claeys-conseil.be\\\/?s={search_term_string}\"},\"query-input\":{\"@type\":\"PropertyValueSpecification\",\"valueRequired\":true,\"valueName\":\"search_term_string\"}}],\"inLanguage\":\"fr-FR\"},{\"@type\":\"Organization\",\"@id\":\"https:\\\/\\\/www.claeys-conseil.be\\\/#organization\",\"name\":\"Claeys-conseil.be\",\"url\":\"https:\\\/\\\/www.claeys-conseil.be\\\/\",\"logo\":{\"@type\":\"ImageObject\",\"inLanguage\":\"fr-FR\",\"@id\":\"https:\\\/\\\/www.claeys-conseil.be\\\/#\\\/schema\\\/logo\\\/image\\\/\",\"url\":\"https:\\\/\\\/www.claeys-conseil.be\\\/wp-content\\\/uploads\\\/2025\\\/05\\\/cropped-Logo-4.png\",\"contentUrl\":\"https:\\\/\\\/www.claeys-conseil.be\\\/wp-content\\\/uploads\\\/2025\\\/05\\\/cropped-Logo-4.png\",\"width\":249,\"height\":250,\"caption\":\"Claeys-conseil.be\"},\"image\":{\"@id\":\"https:\\\/\\\/www.claeys-conseil.be\\\/#\\\/schema\\\/logo\\\/image\\\/\"},\"sameAs\":[\"https:\\\/\\\/www.facebook.com\\\/claeys.jeanmarc\"]}]}<\/script>\n<!-- \/ Yoast SEO plugin. -->","yoast_head_json":{"title":"Temp\u00e9ratures - Claeys Conseil","robots":{"index":"index","follow":"follow","max-snippet":"max-snippet:-1","max-image-preview":"max-image-preview:large","max-video-preview":"max-video-preview:-1"},"canonical":"https:\/\/www.claeys-conseil.be\/index.php\/temperatures\/","og_locale":"fr_FR","og_type":"article","og_title":"Temp\u00e9ratures - Claeys Conseil","og_description":"Le syst\u00e8me d\u2019enregistreurs de donn\u00e9es par wifi&nbsp;testo Saveris 2 Peu importe o\u00f9 vous vous trouvez : gr\u00e2ce au syst\u00e8me d\u2019enregistreurs de donn\u00e9es radio testo Saveris 2, vous&nbsp;contr\u00f4lez tout simplement les conditions climatiques ambiantes telles que l\u2019humidit\u00e9 et la temp\u00e9rature. Que ce soit dans le Facility Management ou dans l\u2019assurance-qualit\u00e9 d\u2019aliments et de m\u00e9dicaments : les &hellip; Read More \"Temp\u00e9ratures\"","og_url":"https:\/\/www.claeys-conseil.be\/index.php\/temperatures\/","og_site_name":"Claeys Conseil","article_publisher":"https:\/\/www.facebook.com\/claeys.jeanmarc","article_modified_time":"2022-10-29T14:58:16+00:00","og_image":[{"url":"https:\/\/www.claeys-conseil.be\/wp-content\/uploads\/2022\/10\/POP-WLAN-Datenlogger-Cloud_im4c.jpg","type":"","width":"","height":""}],"twitter_card":"summary_large_image","twitter_misc":{"Dur\u00e9e de lecture estim\u00e9e":"2 minutes"},"schema":{"@context":"https:\/\/schema.org","@graph":[{"@type":"WebPage","@id":"https:\/\/www.claeys-conseil.be\/index.php\/temperatures\/","url":"https:\/\/www.claeys-conseil.be\/index.php\/temperatures\/","name":"Temp\u00e9ratures - Claeys Conseil","isPartOf":{"@id":"https:\/\/www.claeys-conseil.be\/#website"},"primaryImageOfPage":{"@id":"https:\/\/www.claeys-conseil.be\/index.php\/temperatures\/#primaryimage"},"image":{"@id":"https:\/\/www.claeys-conseil.be\/index.php\/temperatures\/#primaryimage"},"thumbnailUrl":"https:\/\/www.claeys-conseil.be\/wp-content\/uploads\/2022\/10\/POP-WLAN-Datenlogger-Cloud_im4c.jpg","datePublished":"2022-10-26T21:10:49+00:00","dateModified":"2022-10-29T14:58:16+00:00","breadcrumb":{"@id":"https:\/\/www.claeys-conseil.be\/index.php\/temperatures\/#breadcrumb"},"inLanguage":"fr-FR","potentialAction":[{"@type":"ReadAction","target":["https:\/\/www.claeys-conseil.be\/index.php\/temperatures\/"]}]},{"@type":"ImageObject","inLanguage":"fr-FR","@id":"https:\/\/www.claeys-conseil.be\/index.php\/temperatures\/#primaryimage","url":"https:\/\/www.claeys-conseil.be\/wp-content\/uploads\/2022\/10\/POP-WLAN-Datenlogger-Cloud_im4c.jpg","contentUrl":"https:\/\/www.claeys-conseil.be\/wp-content\/uploads\/2022\/10\/POP-WLAN-Datenlogger-Cloud_im4c.jpg","width":668,"height":501},{"@type":"BreadcrumbList","@id":"https:\/\/www.claeys-conseil.be\/index.php\/temperatures\/#breadcrumb","itemListElement":[{"@type":"ListItem","position":1,"name":"Accueil","item":"https:\/\/www.claeys-conseil.be\/"},{"@type":"ListItem","position":2,"name":"Temp\u00e9ratures"}]},{"@type":"WebSite","@id":"https:\/\/www.claeys-conseil.be\/#website","url":"https:\/\/www.claeys-conseil.be\/","name":"Claeys Conseil","description":"Un conseiller qualit\u00e9 \u00e0 votre service","publisher":{"@id":"https:\/\/www.claeys-conseil.be\/#organization"},"potentialAction":[{"@type":"SearchAction","target":{"@type":"EntryPoint","urlTemplate":"https:\/\/www.claeys-conseil.be\/?s={search_term_string}"},"query-input":{"@type":"PropertyValueSpecification","valueRequired":true,"valueName":"search_term_string"}}],"inLanguage":"fr-FR"},{"@type":"Organization","@id":"https:\/\/www.claeys-conseil.be\/#organization","name":"Claeys-conseil.be","url":"https:\/\/www.claeys-conseil.be\/","logo":{"@type":"ImageObject","inLanguage":"fr-FR","@id":"https:\/\/www.claeys-conseil.be\/#\/schema\/logo\/image\/","url":"https:\/\/www.claeys-conseil.be\/wp-content\/uploads\/2025\/05\/cropped-Logo-4.png","contentUrl":"https:\/\/www.claeys-conseil.be\/wp-content\/uploads\/2025\/05\/cropped-Logo-4.png","width":249,"height":250,"caption":"Claeys-conseil.be"},"image":{"@id":"https:\/\/www.claeys-conseil.be\/#\/schema\/logo\/image\/"},"sameAs":["https:\/\/www.facebook.com\/claeys.jeanmarc"]}]}},"jetpack_sharing_enabled":true,"_links":{"self":[{"href":"https:\/\/www.claeys-conseil.be\/index.php\/wp-json\/wp\/v2\/pages\/56","targetHints":{"allow":["GET"]}}],"collection":[{"href":"https:\/\/www.claeys-conseil.be\/index.php\/wp-json\/wp\/v2\/pages"}],"about":[{"href":"https:\/\/www.claeys-conseil.be\/index.php\/wp-json\/wp\/v2\/types\/page"}],"author":[{"embeddable":true,"href":"https:\/\/www.claeys-conseil.be\/index.php\/wp-json\/wp\/v2\/users\/1"}],"replies":[{"embeddable":true,"href":"https:\/\/www.claeys-conseil.be\/index.php\/wp-json\/wp\/v2\/comments?post=56"}],"version-history":[{"count":11,"href":"https:\/\/www.claeys-conseil.be\/index.php\/wp-json\/wp\/v2\/pages\/56\/revisions"}],"predecessor-version":[{"id":224,"href":"https:\/\/www.claeys-conseil.be\/index.php\/wp-json\/wp\/v2\/pages\/56\/revisions\/224"}],"wp:attachment":[{"href":"https:\/\/www.claeys-conseil.be\/index.php\/wp-json\/wp\/v2\/media?parent=56"}],"curies":[{"name":"wp","href":"https:\/\/api.w.org\/{rel}","templated":true}]}}