{"id":147,"date":"2022-10-29T01:01:52","date_gmt":"2022-10-28T23:01:52","guid":{"rendered":"https:\/\/www.rqblog.be\/?page_id=147"},"modified":"2025-05-21T15:28:45","modified_gmt":"2025-05-21T13:28:45","slug":"tarifs","status":"publish","type":"page","link":"https:\/\/www.claeys-conseil.be\/index.php\/tarifs\/","title":{"rendered":"Tarifs"},"content":{"rendered":"\n<div class=\"wp-block-columns alignwide is-layout-flex wp-container-core-columns-is-layout-9d6595d7 wp-block-columns-is-layout-flex\">\n<div class=\"wp-block-column has-text-color has-background has-link-color wp-elements-c5eb1c9250d2e4b99e5e8361e3119486 is-layout-flow wp-block-column-is-layout-flow\" style=\"color:#000000;background-color:#ffe97d;padding-top:2em;padding-right:2em;padding-bottom:2em;padding-left:2em\">\n<h2 class=\"wp-block-heading has-text-align-center\" id=\"single\" style=\"font-size:30px\"><strong>Prestation \u00e0 l&rsquo;heure<\/strong><\/h2>\n\n\n\n<p class=\"has-text-align-center has-normal-font-size\" style=\"line-height:1.5\">A distance ou chez vous.<\/p>\n\n\n\n<hr class=\"wp-block-separator aligncenter has-text-color has-css-opacity has-background is-style-wide\" style=\"background-color:#000000;color:#000000\"\/>\n\n\n\n<p class=\"has-text-align-center\">Besoin de quelques heures ?<\/p>\n\n\n\n<div class=\"wp-block-buttons is-horizontal is-content-justification-left is-layout-flex wp-container-core-buttons-is-layout-1ceae7e0 wp-block-buttons-is-layout-flex\">\n<div class=\"wp-block-button has-custom-width wp-block-button__width-100\"><a class=\"wp-block-button__link has-white-color has-text-color has-background wp-element-button\" style=\"border-radius:50px;background-color:#000000\">75 \u20ac \/ heure (*)<\/a><\/div>\n<\/div>\n<\/div>\n\n\n\n<div class=\"wp-block-column has-text-color has-background has-link-color wp-elements-9d74c0ee040b67655259cdd2e6e6e166 is-layout-flow wp-block-column-is-layout-flow\" style=\"color:#000000;background-color:#d1d1e1;padding-top:2em;padding-right:2em;padding-bottom:2em;padding-left:2em\">\n<h2 class=\"wp-block-heading has-text-align-center\" id=\"family\" style=\"font-size:30px\"><strong>Prestation \u00e0 la journ\u00e9e<\/strong><\/h2>\n\n\n\n<p class=\"has-text-align-center has-normal-font-size\" style=\"line-height:1.5\">A distance ou chez vous.<\/p>\n\n\n\n<hr class=\"wp-block-separator aligncenter has-css-opacity is-style-wide\"\/>\n\n\n\n<p class=\"has-text-align-center\">Besoin d&rsquo;une journ\u00e9e compl\u00e8te ?<\/p>\n\n\n\n<div class=\"wp-block-buttons is-horizontal is-content-justification-left is-layout-flex wp-container-core-buttons-is-layout-1ceae7e0 wp-block-buttons-is-layout-flex\">\n<div class=\"wp-block-button has-custom-width wp-block-button__width-100 is-style-fill\"><a class=\"wp-block-button__link has-white-color has-text-color has-background wp-element-button\" style=\"border-radius:50px;background-color:#000000\">500 \u20ac \/ journ\u00e9e (*)<\/a><\/div>\n<\/div>\n<\/div>\n\n\n\n<div class=\"wp-block-column has-text-color has-background has-link-color wp-elements-23eed77aeae66da64155efed338f2628 is-layout-flow wp-block-column-is-layout-flow\" style=\"color:#000000;background-color:#c0ebf1;padding-top:2em;padding-right:2em;padding-bottom:2em;padding-left:2em\">\n<h2 class=\"wp-block-heading has-text-align-center\" id=\"patron\" style=\"font-size:30px\"><strong>Prestation r\u00e9guli\u00e8re<\/strong><\/h2>\n\n\n\n<p class=\"has-text-align-center has-normal-font-size\">A distance ou chez vous.<\/p>\n\n\n\n<hr class=\"wp-block-separator aligncenter has-css-opacity is-style-wide\"\/>\n\n\n\n<p class=\"has-text-align-center\">Besoin d&rsquo;un suivi plus r\u00e9gulier ?<\/p>\n\n\n\n<div class=\"wp-block-buttons is-horizontal is-content-justification-left is-layout-flex wp-container-core-buttons-is-layout-1ceae7e0 wp-block-buttons-is-layout-flex\">\n<div class=\"wp-block-button has-custom-width wp-block-button__width-100\"><a class=\"wp-block-button__link has-white-color has-text-color has-background wp-element-button\" style=\"border-radius:50px;background-color:#000000\">Sur demande<\/a><\/div>\n<\/div>\n<\/div>\n<\/div>\n\n\n\n<p class=\"has-small-font-size\">(*) Tous les tarifs sont htva, hors frais de d\u00e9placement.<\/p>\n\n\n\n<p class=\"has-text-align-center has-large-font-size\"><strong><span style=\"text-decoration: underline;\">Demande de devis :<\/span><\/strong><\/p>\n\n\n<div class=\"wpforms-container wpforms-container-full wpforms-block wpforms-block-bfe23f58-53b6-4158-a2a6-9425d2d8ef70\" id=\"wpforms-156\"><form id=\"wpforms-form-156\" class=\"wpforms-validate wpforms-form wpforms-ajax-form\" data-formid=\"156\" method=\"post\" enctype=\"multipart\/form-data\" action=\"\/index.php\/wp-json\/wp\/v2\/pages\/147\" data-token=\"916d17c7bcb82821b3135159b8b9755e\" data-token-time=\"1778308825\"><noscript class=\"wpforms-error-noscript\">Veuillez activer JavaScript dans votre navigateur pour remplir ce formulaire.<\/noscript><div class=\"wpforms-field-container\"><div id=\"wpforms-156-field_0-container\" class=\"wpforms-field wpforms-field-name\" data-field-id=\"0\"><label class=\"wpforms-field-label\">Coordonn\u00e9es <span class=\"wpforms-required-label\">*<\/span><\/label><div class=\"wpforms-field-row wpforms-field-medium\"><div class=\"wpforms-field-row-block wpforms-first wpforms-one-half\"><input type=\"text\" id=\"wpforms-156-field_0\" class=\"wpforms-field-name-first wpforms-field-required\" name=\"wpforms[fields][0][first]\" required><label for=\"wpforms-156-field_0\" class=\"wpforms-field-sublabel after\">Pr\u00e9nom<\/label><\/div><div class=\"wpforms-field-row-block wpforms-one-half\"><input type=\"text\" id=\"wpforms-156-field_0-last\" class=\"wpforms-field-name-last wpforms-field-required\" name=\"wpforms[fields][0][last]\" required><label for=\"wpforms-156-field_0-last\" class=\"wpforms-field-sublabel after\">Nom<\/label><\/div><\/div><\/div><div id=\"wpforms-156-field_4-container\" class=\"wpforms-field wpforms-field-name\" data-field-id=\"4\"><label class=\"wpforms-field-label\" for=\"wpforms-156-field_4\">Nom de l&#039;\u00e9tablissement<\/label><input type=\"text\" id=\"wpforms-156-field_4\" class=\"wpforms-field-medium\" name=\"wpforms[fields][4]\" ><\/div><div id=\"wpforms-156-field_7-container\" class=\"wpforms-field wpforms-field-number\" data-field-id=\"7\"><label class=\"wpforms-field-label\" for=\"wpforms-156-field_7\">T\u00e9l\u00e9phone<\/label><input type=\"number\" id=\"wpforms-156-field_7\" class=\"wpforms-field-small\" name=\"wpforms[fields][7]\" step=\"any\" ><\/div><div id=\"wpforms-156-field_1-container\" class=\"wpforms-field wpforms-field-email\" data-field-id=\"1\"><label class=\"wpforms-field-label\" for=\"wpforms-156-field_1\">Adresse mail <span class=\"wpforms-required-label\">*<\/span><\/label><input type=\"email\" id=\"wpforms-156-field_1\" class=\"wpforms-field-medium wpforms-field-required\" name=\"wpforms[fields][1]\" placeholder=\"nom@mail.com\" spellcheck=\"false\" required><\/div><div id=\"wpforms-156-field_2-container\" class=\"wpforms-field wpforms-field-textarea\" data-field-id=\"2\"><label class=\"wpforms-field-label\" for=\"wpforms-156-field_2\">Message <span class=\"wpforms-required-label\">*<\/span><\/label><textarea id=\"wpforms-156-field_2\" class=\"wpforms-field-medium wpforms-field-required\" name=\"wpforms[fields][2]\" required><\/textarea><\/div><\/div><!-- .wpforms-field-container --><div class=\"wpforms-submit-container\" ><input type=\"hidden\" name=\"wpforms[id]\" value=\"156\"><input type=\"hidden\" name=\"page_title\" value=\"\"><input type=\"hidden\" name=\"page_url\" value=\"https:\/\/www.claeys-conseil.be\/index.php\/wp-json\/wp\/v2\/pages\/147\"><input type=\"hidden\" name=\"url_referer\" value=\"\"><button type=\"submit\" name=\"wpforms[submit]\" id=\"wpforms-submit-156\" class=\"wpforms-submit\" data-alt-text=\"Envoi...\" data-submit-text=\"Envoyer\" aria-live=\"assertive\" value=\"wpforms-submit\">Envoyer<\/button><img decoding=\"async\" src=\"https:\/\/www.claeys-conseil.be\/wp-content\/plugins\/wpforms-lite\/assets\/images\/submit-spin.svg\" class=\"wpforms-submit-spinner\" style=\"display: none;\" width=\"26\" height=\"26\" alt=\"Chargement en cours\"><\/div><\/form><\/div>  <!-- .wpforms-container -->","protected":false},"excerpt":{"rendered":"<p>Prestation \u00e0 l&rsquo;heure A distance ou chez vous. Besoin de quelques heures ? Prestation \u00e0 la journ\u00e9e A distance ou chez vous. Besoin d&rsquo;une journ\u00e9e compl\u00e8te ? Prestation r\u00e9guli\u00e8re A distance ou chez vous. Besoin d&rsquo;un suivi plus r\u00e9gulier ? (*) Tous les tarifs sont htva, hors frais de d\u00e9placement. Demande de devis :<\/p>\n","protected":false},"author":1,"featured_media":0,"parent":0,"menu_order":0,"comment_status":"closed","ping_status":"closed","template":"","meta":{"footnotes":""},"class_list":["post-147","page","type-page","status-publish","hentry"],"yoast_head":"<!-- This site is optimized with the Yoast SEO plugin v27.5 - https:\/\/yoast.com\/product\/yoast-seo-wordpress\/ -->\n<title>Tarifs - Claeys Conseil<\/title>\n<meta name=\"description\" content=\"Besoin d&#039;une heure, d&#039;un jour ou d&#039;une mission plus longue ? Demandez un devis.\" \/>\n<meta name=\"robots\" content=\"index, follow, max-snippet:-1, max-image-preview:large, max-video-preview:-1\" \/>\n<link rel=\"canonical\" href=\"https:\/\/www.claeys-conseil.be\/index.php\/tarifs\/\" \/>\n<meta property=\"og:locale\" content=\"fr_FR\" \/>\n<meta property=\"og:type\" content=\"article\" \/>\n<meta property=\"og:title\" content=\"Tarifs - Claeys Conseil\" \/>\n<meta property=\"og:description\" content=\"Besoin d&#039;une heure, d&#039;un jour ou d&#039;une mission plus longue ? Demandez un devis.\" \/>\n<meta property=\"og:url\" content=\"https:\/\/www.claeys-conseil.be\/index.php\/tarifs\/\" \/>\n<meta property=\"og:site_name\" content=\"Claeys Conseil\" \/>\n<meta property=\"article:publisher\" content=\"https:\/\/www.facebook.com\/claeys.jeanmarc\" \/>\n<meta property=\"article:modified_time\" content=\"2025-05-21T13:28:45+00:00\" \/>\n<meta name=\"twitter:card\" content=\"summary_large_image\" \/>\n<meta name=\"twitter:label1\" content=\"Dur\u00e9e de lecture estim\u00e9e\" \/>\n\t<meta name=\"twitter:data1\" content=\"1 minute\" \/>\n<script type=\"application\/ld+json\" class=\"yoast-schema-graph\">{\"@context\":\"https:\\\/\\\/schema.org\",\"@graph\":[{\"@type\":[\"WebPage\",\"ContactPage\"],\"@id\":\"https:\\\/\\\/www.claeys-conseil.be\\\/index.php\\\/tarifs\\\/\",\"url\":\"https:\\\/\\\/www.claeys-conseil.be\\\/index.php\\\/tarifs\\\/\",\"name\":\"Tarifs - Claeys Conseil\",\"isPartOf\":{\"@id\":\"https:\\\/\\\/www.claeys-conseil.be\\\/#website\"},\"datePublished\":\"2022-10-28T23:01:52+00:00\",\"dateModified\":\"2025-05-21T13:28:45+00:00\",\"description\":\"Besoin d'une heure, d'un jour ou d'une mission plus longue ? Demandez un devis.\",\"breadcrumb\":{\"@id\":\"https:\\\/\\\/www.claeys-conseil.be\\\/index.php\\\/tarifs\\\/#breadcrumb\"},\"inLanguage\":\"fr-FR\",\"potentialAction\":[{\"@type\":\"ReadAction\",\"target\":[\"https:\\\/\\\/www.claeys-conseil.be\\\/index.php\\\/tarifs\\\/\"]}]},{\"@type\":\"BreadcrumbList\",\"@id\":\"https:\\\/\\\/www.claeys-conseil.be\\\/index.php\\\/tarifs\\\/#breadcrumb\",\"itemListElement\":[{\"@type\":\"ListItem\",\"position\":1,\"name\":\"Accueil\",\"item\":\"https:\\\/\\\/www.claeys-conseil.be\\\/\"},{\"@type\":\"ListItem\",\"position\":2,\"name\":\"Tarifs\"}]},{\"@type\":\"WebSite\",\"@id\":\"https:\\\/\\\/www.claeys-conseil.be\\\/#website\",\"url\":\"https:\\\/\\\/www.claeys-conseil.be\\\/\",\"name\":\"Claeys Conseil\",\"description\":\"Un conseiller qualit\u00e9 \u00e0 votre service\",\"publisher\":{\"@id\":\"https:\\\/\\\/www.claeys-conseil.be\\\/#organization\"},\"potentialAction\":[{\"@type\":\"SearchAction\",\"target\":{\"@type\":\"EntryPoint\",\"urlTemplate\":\"https:\\\/\\\/www.claeys-conseil.be\\\/?s={search_term_string}\"},\"query-input\":{\"@type\":\"PropertyValueSpecification\",\"valueRequired\":true,\"valueName\":\"search_term_string\"}}],\"inLanguage\":\"fr-FR\"},{\"@type\":\"Organization\",\"@id\":\"https:\\\/\\\/www.claeys-conseil.be\\\/#organization\",\"name\":\"Claeys-conseil.be\",\"url\":\"https:\\\/\\\/www.claeys-conseil.be\\\/\",\"logo\":{\"@type\":\"ImageObject\",\"inLanguage\":\"fr-FR\",\"@id\":\"https:\\\/\\\/www.claeys-conseil.be\\\/#\\\/schema\\\/logo\\\/image\\\/\",\"url\":\"https:\\\/\\\/www.claeys-conseil.be\\\/wp-content\\\/uploads\\\/2025\\\/05\\\/cropped-Logo-4.png\",\"contentUrl\":\"https:\\\/\\\/www.claeys-conseil.be\\\/wp-content\\\/uploads\\\/2025\\\/05\\\/cropped-Logo-4.png\",\"width\":249,\"height\":250,\"caption\":\"Claeys-conseil.be\"},\"image\":{\"@id\":\"https:\\\/\\\/www.claeys-conseil.be\\\/#\\\/schema\\\/logo\\\/image\\\/\"},\"sameAs\":[\"https:\\\/\\\/www.facebook.com\\\/claeys.jeanmarc\"]}]}<\/script>\n<!-- \/ Yoast SEO plugin. -->","yoast_head_json":{"title":"Tarifs - Claeys Conseil","description":"Besoin d'une heure, d'un jour ou d'une mission plus longue ? Demandez un devis.","robots":{"index":"index","follow":"follow","max-snippet":"max-snippet:-1","max-image-preview":"max-image-preview:large","max-video-preview":"max-video-preview:-1"},"canonical":"https:\/\/www.claeys-conseil.be\/index.php\/tarifs\/","og_locale":"fr_FR","og_type":"article","og_title":"Tarifs - Claeys Conseil","og_description":"Besoin d'une heure, d'un jour ou d'une mission plus longue ? Demandez un devis.","og_url":"https:\/\/www.claeys-conseil.be\/index.php\/tarifs\/","og_site_name":"Claeys Conseil","article_publisher":"https:\/\/www.facebook.com\/claeys.jeanmarc","article_modified_time":"2025-05-21T13:28:45+00:00","twitter_card":"summary_large_image","twitter_misc":{"Dur\u00e9e de lecture estim\u00e9e":"1 minute"},"schema":{"@context":"https:\/\/schema.org","@graph":[{"@type":["WebPage","ContactPage"],"@id":"https:\/\/www.claeys-conseil.be\/index.php\/tarifs\/","url":"https:\/\/www.claeys-conseil.be\/index.php\/tarifs\/","name":"Tarifs - Claeys Conseil","isPartOf":{"@id":"https:\/\/www.claeys-conseil.be\/#website"},"datePublished":"2022-10-28T23:01:52+00:00","dateModified":"2025-05-21T13:28:45+00:00","description":"Besoin d'une heure, d'un jour ou d'une mission plus longue ? Demandez un devis.","breadcrumb":{"@id":"https:\/\/www.claeys-conseil.be\/index.php\/tarifs\/#breadcrumb"},"inLanguage":"fr-FR","potentialAction":[{"@type":"ReadAction","target":["https:\/\/www.claeys-conseil.be\/index.php\/tarifs\/"]}]},{"@type":"BreadcrumbList","@id":"https:\/\/www.claeys-conseil.be\/index.php\/tarifs\/#breadcrumb","itemListElement":[{"@type":"ListItem","position":1,"name":"Accueil","item":"https:\/\/www.claeys-conseil.be\/"},{"@type":"ListItem","position":2,"name":"Tarifs"}]},{"@type":"WebSite","@id":"https:\/\/www.claeys-conseil.be\/#website","url":"https:\/\/www.claeys-conseil.be\/","name":"Claeys Conseil","description":"Un conseiller qualit\u00e9 \u00e0 votre service","publisher":{"@id":"https:\/\/www.claeys-conseil.be\/#organization"},"potentialAction":[{"@type":"SearchAction","target":{"@type":"EntryPoint","urlTemplate":"https:\/\/www.claeys-conseil.be\/?s={search_term_string}"},"query-input":{"@type":"PropertyValueSpecification","valueRequired":true,"valueName":"search_term_string"}}],"inLanguage":"fr-FR"},{"@type":"Organization","@id":"https:\/\/www.claeys-conseil.be\/#organization","name":"Claeys-conseil.be","url":"https:\/\/www.claeys-conseil.be\/","logo":{"@type":"ImageObject","inLanguage":"fr-FR","@id":"https:\/\/www.claeys-conseil.be\/#\/schema\/logo\/image\/","url":"https:\/\/www.claeys-conseil.be\/wp-content\/uploads\/2025\/05\/cropped-Logo-4.png","contentUrl":"https:\/\/www.claeys-conseil.be\/wp-content\/uploads\/2025\/05\/cropped-Logo-4.png","width":249,"height":250,"caption":"Claeys-conseil.be"},"image":{"@id":"https:\/\/www.claeys-conseil.be\/#\/schema\/logo\/image\/"},"sameAs":["https:\/\/www.facebook.com\/claeys.jeanmarc"]}]}},"jetpack_sharing_enabled":true,"_links":{"self":[{"href":"https:\/\/www.claeys-conseil.be\/index.php\/wp-json\/wp\/v2\/pages\/147","targetHints":{"allow":["GET"]}}],"collection":[{"href":"https:\/\/www.claeys-conseil.be\/index.php\/wp-json\/wp\/v2\/pages"}],"about":[{"href":"https:\/\/www.claeys-conseil.be\/index.php\/wp-json\/wp\/v2\/types\/page"}],"author":[{"embeddable":true,"href":"https:\/\/www.claeys-conseil.be\/index.php\/wp-json\/wp\/v2\/users\/1"}],"replies":[{"embeddable":true,"href":"https:\/\/www.claeys-conseil.be\/index.php\/wp-json\/wp\/v2\/comments?post=147"}],"version-history":[{"count":21,"href":"https:\/\/www.claeys-conseil.be\/index.php\/wp-json\/wp\/v2\/pages\/147\/revisions"}],"predecessor-version":[{"id":367,"href":"https:\/\/www.claeys-conseil.be\/index.php\/wp-json\/wp\/v2\/pages\/147\/revisions\/367"}],"wp:attachment":[{"href":"https:\/\/www.claeys-conseil.be\/index.php\/wp-json\/wp\/v2\/media?parent=147"}],"curies":[{"name":"wp","href":"https:\/\/api.w.org\/{rel}","templated":true}]}}